{"id":110,"date":"2010-11-06T09:25:27","date_gmt":"2010-11-06T09:25:27","guid":{"rendered":"https:\/\/www.balvubaznica.lv\/?page_id=110"},"modified":"2012-04-15T19:42:25","modified_gmt":"2012-04-15T19:42:25","slug":"bibeles-stundas","status":"publish","type":"page","link":"https:\/\/www.balvubaznica.lv\/?page_id=110","title":{"rendered":"Aktivit\u0101tes"},"content":{"rendered":"<p><strong>B\u012bbeles stunda<\/strong><\/p>\n<p>Bet es v\u0113l esmu jauns z\u0113ns, kas nezina, k\u0101 iziet un k\u0101 ien\u0101kt.. Un t\u0101d\u0113\u013c dod Savam kalpam gai\u0161u sirdspr\u0101tu,.. Un \u0161is v\u0101rds patika Tam Kungam, proti, ka Salamans tie\u0161i \u0161\u0101du lietu bija l\u016bdzis. (1\u0136\u0113n 3:7, 9, 10)<\/p>\n<p style=\"text-align: justify;\">B\u012bbele ir visp\u0113t\u012bt\u0101k\u0101 un vis<a href=\"https:\/\/www.balvubaznica.lv\/wp-content\/uploads\/2010\/11\/Bible.jpg\"><img loading=\"lazy\" decoding=\"async\" class=\"alignleft size-medium wp-image-111\" title=\"Bible\" src=\"https:\/\/www.balvubaznica.lv\/wp-content\/uploads\/2010\/11\/Bible-300x250.jpg\" alt=\"\" width=\"240\" height=\"200\" srcset=\"https:\/\/www.balvubaznica.lv\/wp-content\/uploads\/2010\/11\/Bible-300x250.jpg 300w, https:\/\/www.balvubaznica.lv\/wp-content\/uploads\/2010\/11\/Bible.jpg 480w\" sizes=\"auto, (max-width: 240px) 100vw, 240px\" \/><\/a>vair\u0101k tulkot\u0101k\u0101 gr\u0101mata pasaul\u0113. Visu gr\u0101matu s\u0101kums ir mekl\u0113jams B\u012bbel\u0113 \u2013 un k\u0101 gan ne? Ar\u012b pats v\u0101rds \u201eB\u012bbele\u201d to noz\u012bm\u0113 \u2013 proti: \u201egr\u0101mata\u201d jeb gr\u0101matu gr\u0101mata. Al\u016bksnes m\u0101c\u012bt\u0101js Ernsts Gliks (1652-1705) bija apguvis latvie\u0161u valodu. 17. gadsimta beig\u0101s vi\u0146a vad\u012bb\u0101 latvie\u0161u valod\u0101 tika iztulkota visa B\u012bbele (1694). \u0160is tulkojums joproj\u0101m tiek uzskat\u012bts par prec\u012bz\u0101ko.<br \/>\nBalvu draudz\u0113 B\u012bbeles stundas notiek katru piektdienu Balvu pamatskolas bibliotek\u0101, s\u0101kums pulksten 18:15.<br \/>\n\u0160ogad B\u012bbeles stund\u0101s turpinam apskat\u012bt 1.Mozus gr\u0101matu kop\u012bgi apskatot M\u0101rti\u0146a Lutera koment\u0101ru<\/p>\n<p>&nbsp;<\/p>\n<p>&nbsp;<\/p>\n<p>&nbsp;<\/p>\n<p><strong>Sv\u0113tdienas skola<\/strong><\/p>\n<p>Laidiet b\u0113rni\u0146us pie Manis un neliedziet tiem, jo t\u0101diem pieder Dieva valst\u012bba.<\/p>\n<p>( Marka ev.10:14)<\/p>\n<p><a href=\"https:\/\/www.balvubaznica.lv\/wp-content\/uploads\/2010\/11\/J%C4%93zus_sv%C4%93t%C4%AB_b%C4%93rni%C5%86us.png\"><img loading=\"lazy\" decoding=\"async\" class=\"alignleft size-full wp-image-664\" title=\"J\u0113zus_sv\u0113t\u012b_b\u0113rni\u0146us\" src=\"https:\/\/www.balvubaznica.lv\/wp-content\/uploads\/2010\/11\/J%C4%93zus_sv%C4%93t%C4%AB_b%C4%93rni%C5%86us.png\" alt=\"\" width=\"277\" height=\"402\" \/><\/a><\/p>\n<p style=\"text-align: justify;\">\u00a0Vai zini visus B\u012bbeles st\u0101stus? Vai zini, k\u0101p\u0113c vajag iet uz bazn\u012bcu? Vai zini, cik svar\u012bgas ir l\u016bg\u0161anas? Vai zini, cik jauki ir ieg\u016bt jaunus draugus? Vai zini, cik for\u0161i ir sv\u0113tdienas skol\u0101 un ko tur dara?<\/p>\n<p style=\"text-align: justify;\">Ja gribi uzzin\u0101t atbildes uz \u0161iem jaut\u0101jumiem, uzzin\u0101t, k\u0101ds ir Dievs, iepaz\u012bt bazn\u012bcu un draudzi, un ja Tu esi 4 \u2013 12 gadus vecs, tad aicin\u0101m TEVI, Tavus b\u0101\u013cus, m\u0101sas, draugus\u00a0 uz Balvu ev. \u2013 lut. draudzes sv\u0113tdienas skolu!<\/p>\n<p style=\"text-align: justify;\">Sv\u0113tdienas skolas nodarb\u012bbas notiek piektdien\u0101s plkst. 18:15, Balvu pamatskol\u0101.<\/p>\n<p>&nbsp;<\/p>\n<p>&nbsp;<\/p>\n<p>&nbsp;<\/p>\n<p>&nbsp;<\/p>\n<p>&nbsp;<\/p>\n<p>&nbsp;<\/p>\n<p>&nbsp;<\/p>\n<p>&nbsp;<\/p>\n<p>&nbsp;<\/p>\n<p><strong>Sievie\u0161u sadraudz\u012bbas vakari<\/strong><\/p>\n<p style=\"text-align: justify;\">\u00a0M\u0113s esam tik da\u017e\u0101das, bet mums reiz\u0113m ir l\u012bdz\u012bgas vajadz\u012bbas. Mums ir, par ko run\u0101t. M\u0113s varam viena otru atbalst\u012bt. M\u0113s aizl\u016bdzam par to, kas mums ir svar\u012bgs. Mums ir svar\u012bga sadraudz\u012bba ar Kristu un sav\u0101 starp\u0101. Mums ir vajadz\u012bgs laiks, kad varam b\u016bt sadraudz\u012bb\u0101, p\u0101rrun\u0101t gar\u012bgas un praktiskas t\u0113mas, un kop\u0101 l\u016bgt.<\/p>\n<p style=\"text-align: justify;\">\u0160\u012b ir reize, kad satiekoties g\u016bstam gar\u012bgu stiprin\u0101jumu, p\u0101rrunajam aktu\u0101las t\u0113mas, veidojam s\u012bkus nieci\u0146us, kas padara ikdienas dz\u012bvi kr\u0101sain\u0101ku.\u00a0 Reize, kad varam dal\u012bties piedz\u012bvotajos priekos un p\u0101rbaud\u012bjumos. M\u0113s esam no da\u017e\u0101d\u0101m viet\u0101m. No da\u017e\u0101d\u0101m \u0123imen\u0113m, katra ar savu bag\u0101\u017eu, un tie\u0161i t\u0101p\u0113c mums var b\u016bt tik interesanti un daudzveid\u012bgi vakari. M\u0113s noteikti g\u016bstam no \u0161iem vakariem. Gar\u012bgi. Praktiski. Tas ir ieguvums un izaugsme!<\/p>\n<p style=\"text-align: justify;\">M\u0113s aicin\u0101m ikvienu sievieti mums pievienoties! M\u0113s tiekamies m\u0113ne\u0161a otraj\u0101 tre\u0161dien\u0101 plkst. 18:30, Balvu centr\u0101laj\u0101 bibliotek\u0101 un m\u0113ne\u0161a tre\u0161aj\u0101 tre\u0161dien\u0101 plkst 18:30, Balvu T\u0101l\u0101kizgl\u012bt\u012bbas centr\u0101.<\/p>\n<p><strong>Draudzes<\/strong><strong> ansamblis<\/strong><\/p>\n<p style=\"text-align: justify;\">\u00a0Dziediet Tam Ku<a href=\"https:\/\/www.balvubaznica.lv\/wp-content\/uploads\/2010\/11\/Untitled.png\"><img loading=\"lazy\" decoding=\"async\" class=\"alignleft size-full wp-image-665\" title=\"Untitled\" src=\"https:\/\/www.balvubaznica.lv\/wp-content\/uploads\/2010\/11\/Untitled.png\" alt=\"\" width=\"191\" height=\"251\" \/><\/a>ngam, visa zeme, sludiniet ik dienas Vi\u0146a pest\u012b\u0161anu!<\/p>\n<p style=\"text-align: justify;\">\u00a0\u00a0\u00a0\u00a0\u00a0\u00a0\u00a0\u00a0\u00a0\u00a0\u00a0\u00a0\u00a0\u00a0\u00a0\u00a0\u00a0\u00a0\u00a0\u00a0\u00a0\u00a0\u00a0\u00a0\u00a0\u00a0\u00a0\u00a0\u00a0\u00a0\u00a0\u00a0\u00a0\u00a0\u00a0\u00a0\u00a0\u00a0\u00a0\u00a0\u00a0\u00a0\u00a0\u00a0\u00a0\u00a0\u00a0\u00a0\u00a0\u00a0\u00a0\u00a0\u00a0\u00a0\u00a0\u00a0\u00a0\u00a0\u00a0\u00a0\u00a0\u00a0\u00a0\u00a0\u00a0\u00a0\u00a0\u00a0\u00a0\u00a0\u00a0 ( 1.Laiku Gr. 16:23)<\/p>\n<p style=\"text-align: justify;\">\u00a0Ar\u012b m\u016bsu draudz\u0113 ikviens tiek aicin\u0101ts slav\u0113t Dievu ar savu balsi \u2013 dziedot draudzes ansambl\u012b!\u00a0 M\u0113\u0123in\u0101jumi notiek ceturtdien\u0101s, plkst. 18:30, bazn\u012bcas sakristej\u0101.<\/p>\n<p>&nbsp;<\/p>\n<p>&nbsp;<\/p>\n<p>&nbsp;<\/p>\n<p>&nbsp;<\/p>\n<p>&nbsp;<\/p>\n<p><strong>Draudzes jaunie\u0161i<\/strong><\/p>\n<p><iframe loading=\"lazy\" width=\"670\" height=\"377\" src=\"http:\/\/www.youtube.com\/embed\/Yq9DTcQBu1Y?feature=oembed\" frameborder=\"0\" allowfullscreen><\/iframe><\/p>\n","protected":false},"excerpt":{"rendered":"<p>B\u012bbeles stunda Bet es v\u0113l esmu jauns z\u0113ns, kas nezina, k\u0101 iziet un k\u0101 ien\u0101kt.. Un t\u0101d\u0113\u013c dod Savam kalpam gai\u0161u sirdspr\u0101tu,.. Un \u0161is v\u0101rds patika Tam Kungam, proti, ka Salamans tie\u0161i \u0161\u0101du lietu bija l\u016bdzis. (1\u0136\u0113n 3:7, 9, 10) B\u012bbele ir visp\u0113t\u012bt\u0101k\u0101 un visvair\u0101k tulkot\u0101k\u0101 gr\u0101mata pasaul\u0113. Visu gr\u0101matu s\u0101kums ir mekl\u0113jams B\u012bbel\u0113 \u2013 &#8230;<\/p>\n<p class=\"read-more\"><a href=\"https:\/\/www.balvubaznica.lv\/?page_id=110\">>>Read more<\/a><\/p>\n","protected":false},"author":2,"featured_media":0,"parent":0,"menu_order":0,"comment_status":"closed","ping_status":"open","template":"","meta":{"footnotes":""},"class_list":["post-110","page","type-page","status-publish","hentry"],"_links":{"self":[{"href":"https:\/\/www.balvubaznica.lv\/index.php?rest_route=\/wp\/v2\/pages\/110","targetHints":{"allow":["GET"]}}],"collection":[{"href":"https:\/\/www.balvubaznica.lv\/index.php?rest_route=\/wp\/v2\/pages"}],"about":[{"href":"https:\/\/www.balvubaznica.lv\/index.php?rest_route=\/wp\/v2\/types\/page"}],"author":[{"embeddable":true,"href":"https:\/\/www.balvubaznica.lv\/index.php?rest_route=\/wp\/v2\/users\/2"}],"replies":[{"embeddable":true,"href":"https:\/\/www.balvubaznica.lv\/index.php?rest_route=%2Fwp%2Fv2%2Fcomments&post=110"}],"version-history":[{"count":24,"href":"https:\/\/www.balvubaznica.lv\/index.php?rest_route=\/wp\/v2\/pages\/110\/revisions"}],"predecessor-version":[{"id":125,"href":"https:\/\/www.balvubaznica.lv\/index.php?rest_route=\/wp\/v2\/pages\/110\/revisions\/125"}],"wp:attachment":[{"href":"https:\/\/www.balvubaznica.lv\/index.php?rest_route=%2Fwp%2Fv2%2Fmedia&parent=110"}],"curies":[{"name":"wp","href":"https:\/\/api.w.org\/{rel}","templated":true}]}}