{"id":18,"date":"2010-10-13T19:46:03","date_gmt":"2010-10-13T19:46:03","guid":{"rendered":"https:\/\/www.balvubaznica.lv\/?page_id=18"},"modified":"2014-03-15T21:39:10","modified_gmt":"2014-03-15T21:39:10","slug":"saites","status":"publish","type":"page","link":"https:\/\/www.balvubaznica.lv\/?page_id=18","title":{"rendered":"Dievkalpojums"},"content":{"rendered":"<p><a href=\"https:\/\/www.balvubaznica.lv\/wp-content\/uploads\/2010\/10\/IMG_82861.jpg\"><img loading=\"lazy\" decoding=\"async\" class=\"alignright size-medium wp-image-35\" title=\"IMG_8286\" alt=\"\" src=\"https:\/\/www.balvubaznica.lv\/wp-content\/uploads\/2010\/10\/IMG_82861-300x194.jpg\" width=\"300\" height=\"194\" srcset=\"https:\/\/www.balvubaznica.lv\/wp-content\/uploads\/2010\/10\/IMG_82861-300x194.jpg 300w, https:\/\/www.balvubaznica.lv\/wp-content\/uploads\/2010\/10\/IMG_82861.jpg 448w\" sizes=\"auto, (max-width: 300px) 100vw, 300px\" \/><\/a><br \/>\nDievkalpojums ar Sv\u0113to Vakar\u0113dienu<br \/>\nsv\u0113tdien\u0101s plkst. 10.00<\/p>\n<p>\u0122ime\u0146u dievkalpojums:<br \/>\nkatra m\u0113ne\u0161a otraj\u0101<br \/>\nsv\u0113tdien\u0101 plkst. 10.00<\/p>\n<p>M\u0101c\u012bt\u0101ja M\u0101rti\u0146a Vaickovska pie\u0146em\u0161anas laiks, runas stunda: sestdien\u0101s no plks. 9:00 ( iepriek\u0161 lab\u0101k\u00a0 piesakoties pa t\u0101lr. 29638005). T\u0101pat sv\u0113dien\u0101s pirms un p\u0113c dievkalpojuma,<\/p>\n<p>&nbsp;<\/p>\n<p>Dievkalpojumu laiki<\/p>\n<p>Balvu bazn\u012bc\u0101 \u2013 katru sv\u0113tdienu plkst. 10<sup>00<\/sup><\/p>\n<p>Til\u017eas bazn\u012bc\u0101 \u2013 m\u0113ne\u0161a p\u0113d\u0113j\u0101 sv\u0113tdien\u0101 plkst. 13<sup>00<\/sup><\/p>\n<p>Vi\u013cakas bazn\u012bc\u0101 \u2013 m\u0113ne\u0161a otraj\u0101 sv\u0113tdien\u0101 plkst. 12<sup>00<\/sup> un m\u0113ne\u0161a\u00a0 ceturtaj\u0101 sv\u0113tdien\u0101 plkst. 17<sup>00<\/sup><\/p>\n<p>K\u0101rsavas bazn\u012bc\u0101 \u2013 m\u0113ne\u0161a tre\u0161aj\u0101 sv\u0113tdien\u0101 plkst. 13<sup>00<\/sup><\/p>\n","protected":false},"excerpt":{"rendered":"<p>Dievkalpojums ar Sv\u0113to Vakar\u0113dienu sv\u0113tdien\u0101s plkst. 10.00 \u0122ime\u0146u dievkalpojums: katra m\u0113ne\u0161a otraj\u0101 sv\u0113tdien\u0101 plkst. 10.00 M\u0101c\u012bt\u0101ja M\u0101rti\u0146a Vaickovska pie\u0146em\u0161anas laiks, runas stunda: sestdien\u0101s no plks. 9:00 ( iepriek\u0161 lab\u0101k\u00a0 piesakoties pa t\u0101lr. 29638005). T\u0101pat sv\u0113dien\u0101s pirms un p\u0113c dievkalpojuma, &nbsp; Dievkalpojumu laiki Balvu bazn\u012bc\u0101 \u2013 katru sv\u0113tdienu plkst. 1000 Til\u017eas bazn\u012bc\u0101 \u2013 m\u0113ne\u0161a p\u0113d\u0113j\u0101 sv\u0113tdien\u0101 &#8230;<\/p>\n<p class=\"read-more\"><a href=\"https:\/\/www.balvubaznica.lv\/?page_id=18\">>>Read more<\/a><\/p>\n","protected":false},"author":2,"featured_media":0,"parent":0,"menu_order":0,"comment_status":"closed","ping_status":"open","template":"","meta":{"footnotes":""},"class_list":["post-18","page","type-page","status-publish","hentry"],"_links":{"self":[{"href":"https:\/\/www.balvubaznica.lv\/index.php?rest_route=\/wp\/v2\/pages\/18","targetHints":{"allow":["GET"]}}],"collection":[{"href":"https:\/\/www.balvubaznica.lv\/index.php?rest_route=\/wp\/v2\/pages"}],"about":[{"href":"https:\/\/www.balvubaznica.lv\/index.php?rest_route=\/wp\/v2\/types\/page"}],"author":[{"embeddable":true,"href":"https:\/\/www.balvubaznica.lv\/index.php?rest_route=\/wp\/v2\/users\/2"}],"replies":[{"embeddable":true,"href":"https:\/\/www.balvubaznica.lv\/index.php?rest_route=%2Fwp%2Fv2%2Fcomments&post=18"}],"version-history":[{"count":18,"href":"https:\/\/www.balvubaznica.lv\/index.php?rest_route=\/wp\/v2\/pages\/18\/revisions"}],"predecessor-version":[{"id":32,"href":"https:\/\/www.balvubaznica.lv\/index.php?rest_route=\/wp\/v2\/pages\/18\/revisions\/32"}],"wp:attachment":[{"href":"https:\/\/www.balvubaznica.lv\/index.php?rest_route=%2Fwp%2Fv2%2Fmedia&parent=18"}],"curies":[{"name":"wp","href":"https:\/\/api.w.org\/{rel}","templated":true}]}}