{"id":2,"date":"2010-10-12T08:32:17","date_gmt":"2010-10-12T08:32:17","guid":{"rendered":"http:\/\/f3-preview.runhosting.com\/balvubaznica.lv\/?page_id=2"},"modified":"2012-01-24T22:08:27","modified_gmt":"2012-01-24T22:08:27","slug":"about","status":"publish","type":"page","link":"https:\/\/www.balvubaznica.lv\/?page_id=2","title":{"rendered":"Draudze"},"content":{"rendered":"<p><span style=\"color: #888888;\"><a href=\"https:\/\/www.balvubaznica.lv\/wp-content\/uploads\/2010\/10\/Balvu_baznica_sen.jpg\"><img loading=\"lazy\" decoding=\"async\" class=\"alignleft size-full wp-image-122\" title=\"Balvu_baznica_sen\" src=\"https:\/\/www.balvubaznica.lv\/wp-content\/uploads\/2010\/10\/Balvu_baznica_sen.jpg\" alt=\"\" width=\"475\" height=\"314\" srcset=\"https:\/\/www.balvubaznica.lv\/wp-content\/uploads\/2010\/10\/Balvu_baznica_sen.jpg 475w, https:\/\/www.balvubaznica.lv\/wp-content\/uploads\/2010\/10\/Balvu_baznica_sen-300x198.jpg 300w\" sizes=\"auto, (max-width: 475px) 100vw, 475px\" \/><\/a>Balvu bazn\u012bca iesv\u0113tot dievnamu<\/span><\/p>\n<p>&nbsp;<\/p>\n<p>&nbsp;<\/p>\n<p>&nbsp;<\/p>\n<p>&nbsp;<\/p>\n<p>&nbsp;<\/p>\n<p>&nbsp;<\/p>\n<p>&nbsp;<\/p>\n<p>&nbsp;<\/p>\n<p>&nbsp;<\/p>\n<p style=\"text-align: justify;\"><span style=\"color: #888888;\">\u00a01901.gad\u0101 rad\u0101s iesp\u0113ja dibin\u0101t Balvu draudzi, bet nebija telpu. Neatliekam\u0101m svin\u012bb\u0101m bija dab\u016bta at\u013cauja no Balvu mui\u017eas izmantot mui\u017eas \u0161\u0137\u016bni, kas v\u0113l \u0161odien kalpo k\u0101 noliktavas. Balvu mui\u017ea iedal\u012bja 12 hekt\u0101rus zemes un draudze \u0137\u0113r\u0101s pie Dievnama b\u016bv\u0113\u0161anas. S\u0101kotn\u0113ji bija koka l\u016bg\u0161anu nams. M\u016bra bazn\u012bcas celtniec\u012bba uzs\u0101kta 1913. gad\u0101.\u00a0 BALVU EVAN\u0122\u0112LISKI LUTERISK\u0100S DRAUDZES BAZN\u012aCAS pamatakmens iesv\u0113t\u012bts 1914. gad\u0101. Uzs\u0101kot\u00a0 bazn\u012bcas celtniec\u012bbu, katrs draudzes loceklis ap\u0146\u0113m\u0101s maks\u0101t zin\u0101mu summu un katrs saimnieks pieg\u0101d\u0101t noteiktu daudzumu laukakme\u0146u.\u00a0 Visu bazn\u012bcas celtniec\u012bbas organiz\u0101ciju un vad\u012bbu bija uz\u0146\u0113mies toreiz\u0113jais m\u0101c\u012bt\u0101js K\u0101rlis Irbe, kuram bazn\u012bc\u0101 uzst\u0101d\u012bta piemi\u0146as pl\u0101ksne. Bazn\u012bca ir 25,4\u00a0 metrus gara un 13,94\u00a0 metru plata, ar 500 s\u0113dviet\u0101m. Bazn\u012bcas zvans iesv\u0113t\u012bts 1925. gad\u0101, tas sver 530 kg, un ir izliets V\u0101cij\u0101. 1934. gad\u0101 &#8211; Herberta Kolbes firm\u0101 b\u016bv\u0113tas \u0113r\u0123eles. Iesv\u0113t\u012b\u0161anas dien\u0101 t\u0101s sp\u0113l\u0113ja profesors Pauls Jozuus. Balvu luter\u0101\u0146u bazn\u012bc\u0101 atrodas neatkar\u012bg\u0101s Latvijas laika sakr\u0101l\u0101s m\u0101kslas piemineklis &#8211; m\u0101kslinieka J. Strazdi\u0146a alt\u0101rglezna &#8220;Kristus sv\u0113t\u012b \u013caudis&#8221;, 1937. gads.<\/span><\/p>\n<p style=\"text-align: justify;\">M\u0101c\u012bt\u0101ji kas kalpoju\u0161i Balvu ev Lut. bazn\u012bc\u0101 &#8211; K.Lapi\u0146\u0161, K.Irbe, J.Reinhards, G.Kness-K\u0146ezinskis, M.Gr\u012bv\u0101ns, A.Abakuks, V.\u0160\u012bre, H.Celmi\u0146\u0161, J.Baumanis, K.Freimanis, J.Geide, A.Kavacis, B\u012bskaps E.Alpe, no 2008.gada oktobra kalpo m\u0101c\u012bt\u0101js M\u0101rti\u0146\u0161 Vaickovskis<\/p>\n<p>&nbsp;<\/p>\n<p><a href=\"https:\/\/www.balvubaznica.lv\/wp-content\/uploads\/2010\/10\/balvu-baznica-melnbalta-ziemaa.jpg\"><img loading=\"lazy\" decoding=\"async\" class=\"alignleft size-full wp-image-309\" title=\"balvu baznica melnbalta ziemaa\" src=\"https:\/\/www.balvubaznica.lv\/wp-content\/uploads\/2010\/10\/balvu-baznica-melnbalta-ziemaa.jpg\" alt=\"\" width=\"582\" height=\"553\" \/><\/a><\/p>\n<p><span style=\"color: #888888;\"><br \/>\n<\/span><\/p>\n","protected":false},"excerpt":{"rendered":"<p>Balvu bazn\u012bca iesv\u0113tot dievnamu &nbsp; &nbsp; &nbsp; &nbsp; &nbsp; &nbsp; &nbsp; &nbsp; &nbsp; \u00a01901.gad\u0101 rad\u0101s iesp\u0113ja dibin\u0101t Balvu draudzi, bet nebija telpu. Neatliekam\u0101m svin\u012bb\u0101m bija dab\u016bta at\u013cauja no Balvu mui\u017eas izmantot mui\u017eas \u0161\u0137\u016bni, kas v\u0113l \u0161odien kalpo k\u0101 noliktavas. Balvu mui\u017ea iedal\u012bja 12 hekt\u0101rus zemes un draudze \u0137\u0113r\u0101s pie Dievnama b\u016bv\u0113\u0161anas. S\u0101kotn\u0113ji bija koka l\u016bg\u0161anu &#8230;<\/p>\n<p class=\"read-more\"><a href=\"https:\/\/www.balvubaznica.lv\/?page_id=2\">>>Read more<\/a><\/p>\n","protected":false},"author":1,"featured_media":0,"parent":0,"menu_order":0,"comment_status":"closed","ping_status":"closed","template":"","meta":{"footnotes":""},"class_list":["post-2","page","type-page","status-publish","hentry"],"_links":{"self":[{"href":"https:\/\/www.balvubaznica.lv\/index.php?rest_route=\/wp\/v2\/pages\/2","targetHints":{"allow":["GET"]}}],"collection":[{"href":"https:\/\/www.balvubaznica.lv\/index.php?rest_route=\/wp\/v2\/pages"}],"about":[{"href":"https:\/\/www.balvubaznica.lv\/index.php?rest_route=\/wp\/v2\/types\/page"}],"author":[{"embeddable":true,"href":"https:\/\/www.balvubaznica.lv\/index.php?rest_route=\/wp\/v2\/users\/1"}],"replies":[{"embeddable":true,"href":"https:\/\/www.balvubaznica.lv\/index.php?rest_route=%2Fwp%2Fv2%2Fcomments&post=2"}],"version-history":[{"count":18,"href":"https:\/\/www.balvubaznica.lv\/index.php?rest_route=\/wp\/v2\/pages\/2\/revisions"}],"predecessor-version":[{"id":38,"href":"https:\/\/www.balvubaznica.lv\/index.php?rest_route=\/wp\/v2\/pages\/2\/revisions\/38"}],"wp:attachment":[{"href":"https:\/\/www.balvubaznica.lv\/index.php?rest_route=%2Fwp%2Fv2%2Fmedia&parent=2"}],"curies":[{"name":"wp","href":"https:\/\/api.w.org\/{rel}","templated":true}]}}