{"id":42,"date":"2010-10-16T08:35:42","date_gmt":"2010-10-16T08:35:42","guid":{"rendered":"https:\/\/www.balvubaznica.lv\/?page_id=42"},"modified":"2012-01-24T21:53:49","modified_gmt":"2012-01-24T21:53:49","slug":"lugsana","status":"publish","type":"page","link":"https:\/\/www.balvubaznica.lv\/?page_id=42","title":{"rendered":"L\u016bg\u0161ana"},"content":{"rendered":"<p>Pasaul\u0113 nav neviena tik teicama l\u016bg\u0161ana k\u0101 Sv\u0113t\u0101 l\u016bg\u0161ana, jo tai piem\u012bt t\u0101 sevi\u0161\u0137\u0101 \u012bpa\u0161\u012bba, ka Dievs to uzklausa labpr\u0101t. M\u0113s nedr\u012bkstam to apmain\u012bt pat ne par visu pasaules bag\u0101t\u012bbu. \/M\u0101rti\u0146\u0161 Luters\/<\/p>\n<p><strong>M\u016bsu T\u0113vs debes\u012bs<\/strong> [Pater Hemon] (or\u0123in\u0101l\u0101 sengrie\u0137u valod\u0101)<\/p>\n<p>\u03a0\u03ac\u03c4\u03b5\u03c1 \u1f21\u03bc\u1ff6\u03bd \u1f41 \u1f10\u03bd \u03c4\u03bf\u1fd6\u03c2 \u03bf\u1f50\u03c1\u03b1\u03bd\u03bf\u1fd6\u03c2<br \/>\n\u1f01\u03b3\u03b9\u03b1\u03c3\u03b8\u03ae\u03c4\u03c9 \u03c4\u1f78 \u1f44\u03bd\u03bf\u03bc\u03ac \u03c3\u03bf\u03c5\u2022<br \/>\n\u1f10\u03bb\u03b8\u03ad\u03c4\u03c9 \u1f21 \u03b2\u03b1\u03c3\u03b9\u03bb\u03b5\u03af\u03b1 \u03c3\u03bf\u03c5\u2022<br \/>\n\u03b3\u03b5\u03bd\u03b7\u03b8\u03ae\u03c4\u03c9 \u03c4\u1f78 \u03b8\u03ad\u03bb\u03b7\u03bc\u03ac \u03c3\u03bf\u03c5,<br \/>\n\u1f61\u03c2 \u1f10\u03bd \u03bf\u1f50\u03c1\u03b1\u03bd\u1ff7 \u03ba\u03b1\u1f76 \u1f10\u03c0\u1f76 \u03c4\u1fc6\u03c2 \u03b3\u1fc6\u03c2\u2022<br \/>\n\u03c4\u1f78\u03bd \u1f04\u03c1\u03c4\u03bf\u03bd \u1f21\u03bc\u1ff6\u03bd \u03c4\u1f78\u03bd \u1f10\u03c0\u03b9\u03bf\u03cd\u03c3\u03b9\u03bf\u03bd \u03b4\u1f78\u03c2 \u1f21\u03bc\u1fd6\u03bd \u03c3\u03ae\u03bc\u03b5\u03c1\u03bf\u03bd\u2022<br \/>\n\u03ba\u03b1\u1f76 \u1f04\u03c6\u03b5\u03c2 \u1f21\u03bc\u1fd6\u03bd \u03c4\u1f70 \u1f40\u03c6\u03b5\u03b9\u03bb\u03ae\u03bc\u03b1\u03c4\u03b1 \u1f21\u03bc\u1ff6\u03bd,<br \/>\n\u1f61\u03c2 \u03ba\u03b1\u1f76 \u1f21\u03bc\u03b5\u1fd6\u03c2 \u1f00\u03c6\u03af\u03b5\u03bc\u03b5\u03bd \u03c4\u03bf\u1fd6\u03c2 \u1f40\u03c6\u03b5\u03b9\u03bb\u03ad\u03c4\u03b1\u03b9\u03c2 \u1f21\u03bc\u1ff6\u03bd\u2022<br \/>\n\u03ba\u03b1\u1f76 \u03bc\u1f74 \u03b5\u1f30\u03c3\u03b5\u03bd\u03ad\u03b3\u03ba\u1fc3\u03c2 \u1f21\u03bc\u1fb6\u03c2 \u03b5\u1f30\u03c2 \u03c0\u03b5\u03b9\u03c1\u03b1\u03c3\u03bc\u03cc\u03bd,<br \/>\n\u1f00\u03bb\u03bb\u1f70 \u03c1\u1fe6\u03c3\u03b1\u03b9 \u1f21\u03bc\u1fb6\u03c2 \u1f00\u03c0\u1f78 \u03c4\u03bf\u1fe6 \u03c0\u03bf\u03bd\u03b7\u03c1\u03bf\u1fe6.<br \/>\n\u1f4d\u03c4\u03b9 \u03c3\u03bf\u1fe6 \u1f10\u03c3\u03c4\u03b9\u03bd \u1f21 \u03b2\u03b1\u03c3\u03b9\u03bb\u03b5\u03af\u03b1 \u03ba\u03b1\u1f76 \u1f21 \u03b4\u03cd\u03bd\u03b1\u03bc\u03b9\u03c2 \u03ba\u03b1\u1f76 \u1f21 \u03b4\u03cc\u03be\u03b1 \u03b5\u1f30\u03c2 \u03c4\u03bf\u1f7a\u03c2 \u03b1\u1f30\u1ff6\u03bd\u03b1\u03c2\u2022<br \/>\n\u1f00\u03bc\u03ae\u03bd.<\/p>\n<p>M\u016bsu T\u0113vs debes\u012bs! Sv\u0113t\u012bts lai top Tavs V\u0101rds.<br \/>\nLai n\u0101k Tava valst\u012bba, Tavs pr\u0101tslai notiek k\u0101 debes\u012bs, t\u0101 ar\u012b virs zemes.<br \/>\nM\u016bsu dieni\u0161\u0137o maizi dodi mums \u0161odien.<br \/>\nUn piedodi mums m\u016bsu par\u0101dus, k\u0101 ar\u012b m\u0113s piedodam saviem par\u0101dniekiem.<br \/>\nUn neieved m\u016bs k\u0101rdin\u0101\u0161an\u0101, bet atpest\u012b m\u016bs no \u013cauna. Jo Tev pieder Valst\u012bba, sp\u0113ks un gods m\u016b\u017e\u012bgi m\u016b\u017eos. \u0100men.<\/p>\n<p><strong>Lutera r\u012bta l\u016bg\u0161ana<\/strong><\/p>\n<p>Es tev pateicos, Debesu T\u0113vs, caur J\u0113zu Kristu, Tavu m\u012b\u013co D\u0113lu, ka Tu mani \u0161aj\u0101 nakt\u012b esi pasarg\u0101jis no nelaimes un vis\u0101m briesm\u0101m, un l\u016bdzu Tevi: pasarg\u0101 mani \u0161odien no gr\u0113kiem un no visa \u013cauna, lai visa mana dz\u012bve un darbs b\u016btu Tev pa pr\u0101tam. Tav\u0101s rok\u0101s es lieku visu sevi, savu miesu un dv\u0113seli. Tavas sv\u0113tais e\u0146\u0123elis lai st\u0101v man kl\u0101t, lai \u013caunajam ienaidniekam nav varas p\u0101r mani. \u0100men!<\/p>\n<p><strong>Lutera vakara l\u016bg\u0161ana<\/strong><\/p>\n<p>Es Tev pateicos, Debesu T\u0113vs, caur J\u0113zu Kristu, Tavu m\u012b\u013co D\u0113lu, ka Tu mani \u0161odien esi Sav\u0101 \u017e\u0113last\u012bb\u0101 pasarg\u0101jis, un l\u016bdzu Tevi: piedod man visus manus gr\u0113kus, kur vien esmu noziedzies, un Sav\u0101 \u017e\u0113last\u012bb\u0101 pasarg\u0101 mani ar\u012b \u0161onakt. Tav\u0101s rok\u0101s es lieku visu sevi, savu miesu un dv\u0113seli. Tavs sv\u0113tais e\u0146\u0123elis lai st\u0101v man kl\u0101t, lai \u013caunajam ienaidniekam nav varas p\u0101r mani. \u0100men!<\/p>\n<p>&nbsp;<\/p>\n<p><strong>Galda dziesmas:<\/strong><\/p>\n<p>Sv\u0113t\u012b, Kungs, t\u0101s d\u0101vanas,<\/p>\n<p>Ko no aug\u0161ienes Tu dodi,<\/p>\n<p>Sv\u0113t\u012b m\u016bsu l\u016bg\u0161anas,<\/p>\n<p>M\u016bs uz pateik\u0161anu modi!<\/p>\n<p>Kad m\u0113s \u0113dam, kad m\u0113s dze\u0157am,<\/p>\n<p>Lai uz Tevi acis veram! \u0100men.<\/p>\n<p>&nbsp;<\/p>\n<p>Pateic\u012bbu pienesam Tev,<\/p>\n<p>Dievs, visa dev\u0113jam.<\/p>\n<p>Tu dod maizi dieni\u0161\u0137o;<\/p>\n<p>N\u0101c, m\u0113s l\u016bdzam, sv\u0113t\u012b to! \u0100men.<\/p>\n<p>&nbsp;<\/p>\n<p>Zv\u0113ri\u0146us Tu barot vari,<\/p>\n<p>pu\u0137\u012bt\u0113m Tu dzert, Kungs, dod,<\/p>\n<p>Tu par mani g\u0101d\u0101 ar\u012b,<\/p>\n<p>m\u012b\u013cais Dievs, Tev pateicos! \u0100men.<\/p>\n<p>&nbsp;<\/p>\n<p>Debest\u0113vs, m\u0113s l\u016bdzamies:<\/p>\n<p>Saviem b\u0113rniem piest\u0101jies,<\/p>\n<p>Sv\u0113t\u012b maizi dieni\u0161\u0137o, Sv\u0113t\u012b ar\u012b dienu \u0161o!<\/p>\n<p>Kad Tu kl\u0101t, kur galds ir kl\u0101ts,<\/p>\n<p>Tad ik viens top stiprin\u0101ts;<\/p>\n<p>Kad ar Tevi s\u0101kas r\u012bts,<\/p>\n<p>Gai\u0161s top vakars sagaid\u012bts. \u0100men.<\/p>\n<p>&nbsp;<\/p>\n<p>Visas labas d\u0101vani\u0146as,<\/p>\n<p>Kungs, no Tav\u0101m rok\u0101m n\u0101k.<\/p>\n<p>Sv\u0113t\u012b nu, ka baudot vi\u0146as,<\/p>\n<p>sirsni\u0146a Tev pateikt m\u0101k. \u0100men.<\/p>\n<p>&nbsp;<\/p>\n<p>Dievs ir liels un Dievs ir labs,<\/p>\n<p>par mums visiem g\u0101d\u0101dams.<\/p>\n<p>Dieva roka pabaro,<\/p>\n<p>dod mums maizi dieni\u0161\u0137o.\u0100men.<\/p>\n<p>&nbsp;<\/p>\n<p><strong>Aizl\u016bg\u0161anas un pateic\u012bbas<\/strong><\/p>\n<p>Viens no veidiem, k\u0101d\u0101 Balvu draudze v\u0113las kalpot l\u012bdzcilv\u0113kiem, ir aizl\u016bdzot par vi\u0146u vajadz\u012bb\u0101m. Tev nav j\u0101b\u016bt Balvu draudzes loceklim vai apmkel\u0113t\u0101jam, lai n\u0101ktu ar savu aizl\u016bg\u0161anas vajadz\u012bbu. M\u0113s ticam, ka Dievam r\u016bp ikviena cilv\u0113ka dz\u012bve, un b\u016bsim pateic\u012bgi, ja \u013causi par sevi aizl\u016bgt. Pieteikt aizl\u016b\u0123\u0161anu tu vari divej\u0101di. Atn\u0101kot uz draudzi pie m\u0101c\u012bt\u0101ja (tel.29638005), vai rakstom mums. <a href=\"https:\/\/www.balvubaznica.lv\/?page_id=66\">IESNIEGT AIZL\u016aGUMU<\/a><\/p>\n","protected":false},"excerpt":{"rendered":"<p>Pasaul\u0113 nav neviena tik teicama l\u016bg\u0161ana k\u0101 Sv\u0113t\u0101 l\u016bg\u0161ana, jo tai piem\u012bt t\u0101 sevi\u0161\u0137\u0101 \u012bpa\u0161\u012bba, ka Dievs to uzklausa labpr\u0101t. M\u0113s nedr\u012bkstam to apmain\u012bt pat ne par visu pasaules bag\u0101t\u012bbu. \/M\u0101rti\u0146\u0161 Luters\/ M\u016bsu T\u0113vs debes\u012bs [Pater Hemon] (or\u0123in\u0101l\u0101 sengrie\u0137u valod\u0101) \u03a0\u03ac\u03c4\u03b5\u03c1 \u1f21\u03bc\u1ff6\u03bd \u1f41 \u1f10\u03bd \u03c4\u03bf\u1fd6\u03c2 \u03bf\u1f50\u03c1\u03b1\u03bd\u03bf\u1fd6\u03c2 \u1f01\u03b3\u03b9\u03b1\u03c3\u03b8\u03ae\u03c4\u03c9 \u03c4\u1f78 \u1f44\u03bd\u03bf\u03bc\u03ac \u03c3\u03bf\u03c5\u2022 \u1f10\u03bb\u03b8\u03ad\u03c4\u03c9 \u1f21 \u03b2\u03b1\u03c3\u03b9\u03bb\u03b5\u03af\u03b1 \u03c3\u03bf\u03c5\u2022 \u03b3\u03b5\u03bd\u03b7\u03b8\u03ae\u03c4\u03c9 &#8230;<\/p>\n<p class=\"read-more\"><a href=\"https:\/\/www.balvubaznica.lv\/?page_id=42\">>>Read more<\/a><\/p>\n","protected":false},"author":2,"featured_media":0,"parent":0,"menu_order":0,"comment_status":"closed","ping_status":"open","template":"","meta":{"footnotes":""},"class_list":["post-42","page","type-page","status-publish","hentry"],"_links":{"self":[{"href":"https:\/\/www.balvubaznica.lv\/index.php?rest_route=\/wp\/v2\/pages\/42","targetHints":{"allow":["GET"]}}],"collection":[{"href":"https:\/\/www.balvubaznica.lv\/index.php?rest_route=\/wp\/v2\/pages"}],"about":[{"href":"https:\/\/www.balvubaznica.lv\/index.php?rest_route=\/wp\/v2\/types\/page"}],"author":[{"embeddable":true,"href":"https:\/\/www.balvubaznica.lv\/index.php?rest_route=\/wp\/v2\/users\/2"}],"replies":[{"embeddable":true,"href":"https:\/\/www.balvubaznica.lv\/index.php?rest_route=%2Fwp%2Fv2%2Fcomments&post=42"}],"version-history":[{"count":21,"href":"https:\/\/www.balvubaznica.lv\/index.php?rest_route=\/wp\/v2\/pages\/42\/revisions"}],"predecessor-version":[{"id":45,"href":"https:\/\/www.balvubaznica.lv\/index.php?rest_route=\/wp\/v2\/pages\/42\/revisions\/45"}],"wp:attachment":[{"href":"https:\/\/www.balvubaznica.lv\/index.php?rest_route=%2Fwp%2Fv2%2Fmedia&parent=42"}],"curies":[{"name":"wp","href":"https:\/\/api.w.org\/{rel}","templated":true}]}}