{"id":66,"date":"2010-10-26T16:37:49","date_gmt":"2010-10-26T16:37:49","guid":{"rendered":"https:\/\/www.balvubaznica.lv\/?page_id=66"},"modified":"2018-07-18T07:10:25","modified_gmt":"2018-07-18T07:10:25","slug":"kontakti","status":"publish","type":"page","link":"https:\/\/www.balvubaznica.lv\/?page_id=66","title":{"rendered":"kontakti"},"content":{"rendered":"<p><strong>Balvu eva\u0146\u0123\u0113liski luterisk\u0101 draudze<\/strong><br \/>\nM\u0101rti\u0146a Lutera iela 3<br \/>\nBalvi, LV-4501<a href=\"https:\/\/www.balvubaznica.lv\/wp-content\/uploads\/2010\/10\/balvi.jpg\"><img loading=\"lazy\" decoding=\"async\" class=\"alignright size-medium wp-image-161\" title=\"balvi\" src=\"https:\/\/www.balvubaznica.lv\/wp-content\/uploads\/2010\/10\/balvi-300x242.jpg\" alt=\"\" width=\"300\" height=\"242\" srcset=\"https:\/\/www.balvubaznica.lv\/wp-content\/uploads\/2010\/10\/balvi-300x242.jpg 300w, https:\/\/www.balvubaznica.lv\/wp-content\/uploads\/2010\/10\/balvi.jpg 842w\" sizes=\"auto, (max-width: 300px) 100vw, 300px\" \/><\/a><br \/>\nLATVIJA<\/p>\n<ul>\n<li>T\u0101lrunis: +371 29638005<\/li>\n<\/ul>\n<p>&nbsp;<\/p>\n<p>Re\u0123istr\u0101cijas Nr. 90000452700<\/p>\n<p>Draudzes bankas konts:<\/p>\n<p>LV24UNLA0050018060267<\/p>\n<p>Bankas kods: SEB UNLA LV 2X<\/p>\n<p>________________________________________<\/p>\n<div role=\"form\" class=\"wpcf7\" id=\"wpcf7-f603-o1\" dir=\"ltr\">\n<div class=\"screen-reader-response\"><p role=\"status\" aria-live=\"polite\" aria-atomic=\"true\"><\/p> <ul><\/ul><\/div>\n<form action=\"\/index.php?rest_route=%2Fwp%2Fv2%2Fpages%2F66#wpcf7-f603-o1\" method=\"post\" class=\"wpcf7-form init\" novalidate=\"novalidate\" data-status=\"init\">\n<div style=\"display: none;\">\n<input type=\"hidden\" name=\"_wpcf7\" value=\"603\" \/>\n<input type=\"hidden\" name=\"_wpcf7_version\" value=\"5.5.4\" \/>\n<input type=\"hidden\" name=\"_wpcf7_locale\" value=\"\" \/>\n<input type=\"hidden\" name=\"_wpcf7_unit_tag\" value=\"wpcf7-f603-o1\" \/>\n<input type=\"hidden\" name=\"_wpcf7_container_post\" value=\"0\" \/>\n<input type=\"hidden\" name=\"_wpcf7_posted_data_hash\" value=\"\" \/>\n<\/div>\n<p>J\u016bsu v\u0101rds (oblig\u0101ts)<br \/>\n    <span class=\"wpcf7-form-control-wrap your-name\"><input type=\"text\" name=\"your-name\" value=\"\" size=\"40\" class=\"wpcf7-form-control wpcf7-text wpcf7-validates-as-required\" aria-required=\"true\" aria-invalid=\"false\" \/><\/span> <\/p>\n<p>J\u016bsu epasts (oblig\u0101ts)<br \/>\n    <span class=\"wpcf7-form-control-wrap your-email\"><input type=\"email\" name=\"your-email\" value=\"\" size=\"40\" class=\"wpcf7-form-control wpcf7-text wpcf7-email wpcf7-validates-as-required wpcf7-validates-as-email\" aria-required=\"true\" aria-invalid=\"false\" \/><\/span> <\/p>\n<p>Temats<br \/>\n    <span class=\"wpcf7-form-control-wrap your-subject\"><input type=\"text\" name=\"your-subject\" value=\"\" size=\"40\" class=\"wpcf7-form-control wpcf7-text\" aria-invalid=\"false\" \/><\/span> <\/p>\n<p>Nos\u016bt\u0101mais teksts<br \/>\n    <span class=\"wpcf7-form-control-wrap your-message\"><textarea name=\"your-message\" cols=\"40\" rows=\"10\" class=\"wpcf7-form-control wpcf7-textarea\" aria-invalid=\"false\"><\/textarea><\/span> <\/p>\n<p><input type=\"submit\" value=\"S\u016bt\u012bt\" class=\"wpcf7-form-control has-spinner wpcf7-submit\" \/><\/p>\n<p style=\"display: none !important;\"><label>&#916;<textarea name=\"_wpcf7_ak_hp_textarea\" cols=\"45\" rows=\"8\" maxlength=\"100\"><\/textarea><\/label><input type=\"hidden\" id=\"ak_js_1\" name=\"_wpcf7_ak_js\" value=\"41\"\/><script>document.getElementById( \"ak_js_1\" ).setAttribute( \"value\", ( new Date() ).getTime() );<\/script><\/p><div class=\"wpcf7-response-output\" aria-hidden=\"true\"><\/div><\/form><\/div>\n","protected":false},"excerpt":{"rendered":"<p>Balvu eva\u0146\u0123\u0113liski luterisk\u0101 draudze M\u0101rti\u0146a Lutera iela 3 Balvi, LV-4501 LATVIJA T\u0101lrunis: +371 29638005 &nbsp; Re\u0123istr\u0101cijas Nr. 90000452700 Draudzes bankas konts: LV24UNLA0050018060267 Bankas kods: SEB UNLA LV 2X ________________________________________<\/p>\n","protected":false},"author":1,"featured_media":0,"parent":0,"menu_order":40,"comment_status":"closed","ping_status":"closed","template":"","meta":{"footnotes":""},"class_list":["post-66","page","type-page","status-publish","hentry"],"_links":{"self":[{"href":"https:\/\/www.balvubaznica.lv\/index.php?rest_route=\/wp\/v2\/pages\/66","targetHints":{"allow":["GET"]}}],"collection":[{"href":"https:\/\/www.balvubaznica.lv\/index.php?rest_route=\/wp\/v2\/pages"}],"about":[{"href":"https:\/\/www.balvubaznica.lv\/index.php?rest_route=\/wp\/v2\/types\/page"}],"author":[{"embeddable":true,"href":"https:\/\/www.balvubaznica.lv\/index.php?rest_route=\/wp\/v2\/users\/1"}],"replies":[{"embeddable":true,"href":"https:\/\/www.balvubaznica.lv\/index.php?rest_route=%2Fwp%2Fv2%2Fcomments&post=66"}],"version-history":[{"count":20,"href":"https:\/\/www.balvubaznica.lv\/index.php?rest_route=\/wp\/v2\/pages\/66\/revisions"}],"predecessor-version":[{"id":1422,"href":"https:\/\/www.balvubaznica.lv\/index.php?rest_route=\/wp\/v2\/pages\/66\/revisions\/1422"}],"wp:attachment":[{"href":"https:\/\/www.balvubaznica.lv\/index.php?rest_route=%2Fwp%2Fv2%2Fmedia&parent=66"}],"curies":[{"name":"wp","href":"https:\/\/api.w.org\/{rel}","templated":true}]}}